{"id":473,"date":"2023-03-21T08:35:30","date_gmt":"2023-03-21T07:35:30","guid":{"rendered":"https:\/\/jopa.design\/kontakt\/"},"modified":"2024-06-25T10:48:27","modified_gmt":"2024-06-25T08:48:27","slug":"kontakt","status":"publish","type":"page","link":"https:\/\/jopa.design\/pl\/kontakt\/","title":{"rendered":"Kontakt"},"content":{"rendered":"<p>[et_pb_section fb_built=&#8221;1&#8243; _builder_version=&#8221;4.20.2&#8243; _module_preset=&#8221;default&#8221; background_color=&#8221;#082d53&#8243; background_image=&#8221;https:\/\/jopa.design\/wp-content\/uploads\/jopa-design-banner-v2.webp&#8221; custom_margin=&#8221;0px||0px||false|false&#8221; custom_padding=&#8221;0px||0px||false|false&#8221; global_colors_info=&#8221;{}&#8221;][et_pb_row column_structure=&#8221;1_2,1_2&#8243; use_custom_gutter=&#8221;on&#8221; gutter_width=&#8221;2&#8243; make_equal=&#8221;on&#8221; _builder_version=&#8221;4.20.2&#8243; _module_preset=&#8221;default&#8221; custom_margin=&#8221;0px||0px||false|false&#8221; custom_padding=&#8221;0px||0px||false|false&#8221; global_colors_info=&#8221;{}&#8221;][et_pb_column type=&#8221;1_2&#8243; _builder_version=&#8221;4.18.0&#8243; _module_preset=&#8221;default&#8221; global_colors_info=&#8221;{}&#8221;][\/et_pb_column][et_pb_column type=&#8221;1_2&#8243; _builder_version=&#8221;4.20.2&#8243; _module_preset=&#8221;default&#8221; background_color=&#8221;rgba(1,7,29,0.76)&#8221; custom_padding=&#8221;|30px|70px|50px|false|false&#8221; custom_padding_tablet=&#8221;|||100px|false|false&#8221; custom_padding_phone=&#8221;|||30px|false|false&#8221; custom_padding_last_edited=&#8221;on|phone&#8221; global_colors_info=&#8221;{}&#8221;][et_pb_text _builder_version=&#8221;4.20.2&#8243; _module_preset=&#8221;default&#8221; header_4_font=&#8221;Krub|700|||||||&#8221; header_4_text_align=&#8221;left&#8221; header_4_text_color=&#8221;#FFFFFF&#8221; header_4_font_size=&#8221;14px&#8221; custom_margin=&#8221;70px||3px|32px|false|false&#8221; custom_margin_tablet=&#8221;140px||3px|32px|false|false&#8221; custom_margin_phone=&#8221;120px||3px|32px|false|false&#8221; custom_margin_last_edited=&#8221;on|phone&#8221; custom_padding=&#8221;0px||0px||false|false&#8221; custom_css_before=&#8221;content:%22%22;||position:absolute;||height:2px;||width:20px;||background:#fff;||top:6px;||left:-32px;&#8221; global_colors_info=&#8221;{}&#8221;]<\/p>\n<h4>SERDECZNIE ZAPRASZAMY DO WSP\u00d3\u0141PRACY<\/h4>\n<p>[\/et_pb_text][et_pb_text _builder_version=&#8221;4.20.2&#8243; _module_preset=&#8221;default&#8221; header_font=&#8221;|700|||||||&#8221; header_text_align=&#8221;left&#8221; header_text_color=&#8221;#FFFFFF&#8221; header_font_size=&#8221;69px&#8221; custom_margin=&#8221;0px|-30px|20px||false|false&#8221; custom_margin_tablet=&#8221;0px|0px|20px||false|false&#8221; custom_margin_phone=&#8221;0px|0px|20px||false|false&#8221; custom_margin_last_edited=&#8221;on|tablet&#8221; custom_padding=&#8221;0px||0px||false|false&#8221; header_font_size_tablet=&#8221;65px&#8221; header_font_size_phone=&#8221;40px&#8221; header_font_size_last_edited=&#8221;on|tablet&#8221; global_colors_info=&#8221;{}&#8221;]<\/p>\n<h1>\u0141\u0105czno\u015b\u0107<\/h1>\n<p>[\/et_pb_text][et_pb_blurb title=&#8221;JOPA DESIGN \/ Realizacja&#8221; use_icon=&#8221;on&#8221; font_icon=&#8221;&#xe01d;||divi||400&#8243; icon_color=&#8221;#FFFFFF&#8221; icon_placement=&#8221;left&#8221; image_icon_width=&#8221;30px&#8221; _builder_version=&#8221;4.20.2&#8243; _module_preset=&#8221;default&#8221; header_font=&#8221;|700|||||||&#8221; image_icon_custom_margin=&#8221;-4px||||false|false&#8221; background_layout=&#8221;dark&#8221; custom_margin=&#8221;||30px||false|false&#8221; hover_enabled=&#8221;0&#8243; global_colors_info=&#8221;{}&#8221; sticky_enabled=&#8221;0&#8243;]<\/p>\n<p>Dobrovsk\u00e9ho 874\/29<br \/>702 00 Ostrava<\/p>\n<p>[\/et_pb_blurb][et_pb_blurb title=&#8221;Wi\u0119cej informacji&#8221; use_icon=&#8221;on&#8221; font_icon=&#8221;&#xe108;||divi||400&#8243; icon_color=&#8221;#FFFFFF&#8221; icon_placement=&#8221;left&#8221; image_icon_width=&#8221;30px&#8221; _builder_version=&#8221;4.20.2&#8243; _module_preset=&#8221;default&#8221; header_font=&#8221;|700|||||||&#8221; image_icon_custom_margin=&#8221;-5px||||false|false&#8221; background_layout=&#8221;dark&#8221; custom_margin=&#8221;||30px||false|false&#8221; global_colors_info=&#8221;{}&#8221;]<\/p>\n<p>JoPa s.r.o.<br \/>I\u010c: 17694973<br \/>DI\u010c: CZ17694973<\/p>\n<p>[\/et_pb_blurb][et_pb_blurb title=&#8221;+420 724 444 222&#8243; url=&#8221;tel:+420724444222&#8243; use_icon=&#8221;on&#8221; font_icon=&#8221;&#xe00b;||divi||400&#8243; icon_color=&#8221;#FFFFFF&#8221; icon_placement=&#8221;left&#8221; image_icon_width=&#8221;30px&#8221; _builder_version=&#8221;4.20.2&#8243; _module_preset=&#8221;default&#8221; header_font=&#8221;|700|||||||&#8221; image_icon_custom_margin=&#8221;-5px||||false|false&#8221; background_layout=&#8221;dark&#8221; custom_margin=&#8221;||30px||false|false&#8221; link_option_url=&#8221;tel:+420724444222&#8243; global_colors_info=&#8221;{}&#8221;][\/et_pb_blurb][et_pb_blurb title=&#8221;info@jopa.design&#8221; url=&#8221;mailto:info@jopa.design&#8221; use_icon=&#8221;on&#8221; font_icon=&#8221;&#xe010;||divi||400&#8243; icon_color=&#8221;#FFFFFF&#8221; icon_placement=&#8221;left&#8221; image_icon_width=&#8221;30px&#8221; _builder_version=&#8221;4.20.2&#8243; _module_preset=&#8221;default&#8221; header_font=&#8221;|700|||||||&#8221; image_icon_custom_margin=&#8221;-5px||||false|false&#8221; background_layout=&#8221;dark&#8221; custom_margin=&#8221;||30px||false|false&#8221; link_option_url=&#8221;mailto:info@jopa.design&#8221; global_colors_info=&#8221;{}&#8221;][\/et_pb_blurb][et_pb_blurb title=&#8221;OTWARTY&#8221; use_icon=&#8221;on&#8221; font_icon=&#8221;&#x70;||divi||400&#8243; icon_color=&#8221;#FFFFFF&#8221; icon_placement=&#8221;left&#8221; image_icon_width=&#8221;30px&#8221; _builder_version=&#8221;4.20.2&#8243; _module_preset=&#8221;default&#8221; header_font=&#8221;|700|||||||&#8221; image_icon_custom_margin=&#8221;-4px||||false|false&#8221; background_layout=&#8221;dark&#8221; custom_margin=&#8221;||30px||false|false&#8221; global_colors_info=&#8221;{}&#8221;]<\/p>\n<p>Codziennie od 7:00 do 18:00<\/p>\n<p>[\/et_pb_blurb][et_pb_button button_url=&#8221;https:\/\/jopa.design\/kontakt\/#poptavka&#8221; button_text=&#8221;NIEWI\u0104\u017b\u0104CE WNIOSEK&#8221; _builder_version=&#8221;4.20.2&#8243; _module_preset=&#8221;default&#8221; custom_margin=&#8221;||30px||false|false&#8221; global_colors_info=&#8221;{}&#8221;][\/et_pb_button][et_pb_social_media_follow _builder_version=&#8221;4.20.2&#8243; _module_preset=&#8221;default&#8221; global_colors_info=&#8221;{}&#8221;][et_pb_social_media_follow_network social_network=&#8221;facebook&#8221; url=&#8221;https:\/\/www.facebook.com\/profile.php?id=100088602164812&#8243; _builder_version=&#8221;4.20.2&#8243; _module_preset=&#8221;default&#8221; background_color=&#8221;#3b5998&#8243; global_colors_info=&#8221;{}&#8221; follow_button=&#8221;off&#8221; url_new_window=&#8221;on&#8221;]facebook[\/et_pb_social_media_follow_network][\/et_pb_social_media_follow][\/et_pb_column][\/et_pb_row][\/et_pb_section][et_pb_section fb_built=&#8221;1&#8243; custom_padding_last_edited=&#8221;on|phone&#8221; module_id=&#8221;reference&#8221; _builder_version=&#8221;4.20.2&#8243; _module_preset=&#8221;default&#8221; background_color=&#8221;#f8f8f8&#8243; custom_margin=&#8221;0px||0px||false|false&#8221; custom_padding=&#8221;120px||100px||false|false&#8221; custom_padding_tablet=&#8221;120px||120px||false|false&#8221; custom_padding_phone=&#8221;90px||90px||false|false&#8221; global_colors_info=&#8221;{}&#8221;][et_pb_row column_structure=&#8221;1_2,1_2&#8243; use_custom_gutter=&#8221;on&#8221; gutter_width=&#8221;2&#8243; module_id=&#8221;poptavka&#8221; _builder_version=&#8221;4.20.2&#8243; _module_preset=&#8221;default&#8221; custom_margin=&#8221;0px||0px||false|false&#8221; custom_padding=&#8221;0px||0px||false|false&#8221; global_colors_info=&#8221;{}&#8221;][et_pb_column type=&#8221;1_2&#8243; _builder_version=&#8221;4.18.0&#8243; _module_preset=&#8221;default&#8221; global_colors_info=&#8221;{}&#8221;][et_pb_text _builder_version=&#8221;4.20.2&#8243; _module_preset=&#8221;default&#8221; header_4_font=&#8221;Krub|700|||||||&#8221; header_4_text_align=&#8221;left&#8221; header_4_text_color=&#8221;#082d53&#8243; header_4_font_size=&#8221;14px&#8221; custom_margin=&#8221;24px||3px|32px|false|false&#8221; custom_margin_tablet=&#8221;80px||||false|false&#8221; custom_margin_phone=&#8221;60px||3px|32px|false|false&#8221; custom_margin_last_edited=&#8221;on|desktop&#8221; custom_padding=&#8221;0px||0px||false|false&#8221; custom_css_before=&#8221;content:%22%22;||position:absolute;||height:2px;||width:20px;||background:#091841;||top:6px;||left:-32px;&#8221; global_colors_info=&#8221;{}&#8221;]<\/p>\n<h4>NAPISZ DO NAS<\/h4>\n<p>[\/et_pb_text][et_pb_text _builder_version=&#8221;4.20.2&#8243; _module_preset=&#8221;default&#8221; header_2_font=&#8221;Blinker|700|||||||&#8221; header_2_text_align=&#8221;left&#8221; header_2_text_color=&#8221;gcid-671924b0-6133-4435-ae05-4c88eef54763&#8243; header_2_font_size=&#8221;45px&#8221; header_2_line_height=&#8221;1.1em&#8221; custom_margin=&#8221;0px||8px||false|false&#8221; custom_margin_tablet=&#8221;0px||0px||false|false&#8221; custom_margin_phone=&#8221;||10px||false|false&#8221; custom_margin_last_edited=&#8221;on|tablet&#8221; custom_padding=&#8221;0px||0px||false|false&#8221; header_2_font_size_tablet=&#8221;45px&#8221; header_2_font_size_phone=&#8221;30px&#8221; header_2_font_size_last_edited=&#8221;on|phone&#8221; global_colors_info=&#8221;{%22gcid-671924b0-6133-4435-ae05-4c88eef54763%22:%91%22header_2_text_color%22%93}&#8221;]<\/p>\n<h2>Kontakt i \u017c\u0105danie <spam style=\"color:#9AB6CB\">formularz<\/spam><\/h2>\n<p>[\/et_pb_text][et_pb_text _builder_version=&#8221;4.20.2&#8243; _module_preset=&#8221;default&#8221; text_font=&#8221;Krub||||||||&#8221; text_text_color=&#8221;#414141&#8243; text_font_size=&#8221;15px&#8221; text_line_height=&#8221;1.6em&#8221; custom_margin=&#8221;0px||28px||false|false&#8221; custom_margin_tablet=&#8221;0px||28px||false|false&#8221; custom_margin_phone=&#8221;0px||28px||false|false&#8221; custom_margin_last_edited=&#8221;on|tablet&#8221; custom_padding=&#8221;0px||0px||false|false&#8221; global_colors_info=&#8221;{}&#8221;]<\/p>\n<p>Napisz do nas wiadomo\u015b\u0107 lub specyfikacj\u0119 swojego \u017c\u0105dania, a my skontaktujemy si\u0119 z Tob\u0105 tak szybko, jak to mo\u017cliwe. Dzi\u0119kuj\u0119<\/p>\n<p>[\/et_pb_text][\/et_pb_column][et_pb_column type=&#8221;1_2&#8243; _builder_version=&#8221;4.20.2&#8243; _module_preset=&#8221;default&#8221; background_color=&#8221;#FFFFFF&#8221; custom_padding=&#8221;30px|50px|30px|50px|false|false&#8221; custom_padding_tablet=&#8221;|70px||70px|false|false&#8221; custom_padding_phone=&#8221;|30px||30px|false|false&#8221; custom_padding_last_edited=&#8221;on|phone&#8221; global_colors_info=&#8221;{}&#8221;][dipl_form_styler form_type=&#8221;contact_form_7&#8243; cf7_form_id=&#8221;258&#8243; input_text_color=&#8221;gcid-671924b0-6133-4435-ae05-4c88eef54763&#8243; focus_input_text_color=&#8221;gcid-57143b50-204c-4296-b0c1-a150ef4eb8b5&#8243; placeholder_text_color=&#8221;gcid-3c324210-ce40-44a2-af31-31c9dab6c453&#8243; focus_placeholder_text_color=&#8221;gcid-3c324210-ce40-44a2-af31-31c9dab6c453&#8243; input_bg_color=&#8221;#FFFFFF&#8221; input_focus_bg_color=&#8221;gcid-cc5e06d0-411b-49ac-b530-c0a90c0c771b&#8221; input_custom_padding=&#8221;15px|20px|15px|20px|false|false&#8221; submit_custom_padding=&#8221;10px|20px|10px|20px|false|false&#8221; submit_bg_color=&#8221;gcid-3c324210-ce40-44a2-af31-31c9dab6c453&#8243; _builder_version=&#8221;4.20.2&#8243; _module_preset=&#8221;default&#8221; label_font=&#8221;|300|||||||&#8221; label_text_color=&#8221;gcid-57143b50-204c-4296-b0c1-a150ef4eb8b5&#8243; submit_button_text_font=&#8221;|700||on|||||&#8221; submit_button_text_text_color=&#8221;#FFFFFF&#8221; text_orientation=&#8221;left&#8221; input_width=&#8221;100%&#8221; border_color_all_input=&#8221;rgba(0,0,0,0.16)&#8221; border_width_all_submit_button=&#8221;0px&#8221; box_shadow_style_submit_button=&#8221;preset2&#8243; global_colors_info=&#8221;{%22gcid-57143b50-204c-4296-b0c1-a150ef4eb8b5%22:%91%22label_text_color%22,%22focus_input_text_color%22,%22submit_bg_color__hover%22%93,%22gcid-671924b0-6133-4435-ae05-4c88eef54763%22:%91%22input_text_color%22%93,%22gcid-3c324210-ce40-44a2-af31-31c9dab6c453%22:%91%22placeholder_text_color%22,%22focus_placeholder_text_color%22,%22submit_bg_color%22%93,%22gcid-cc5e06d0-411b-49ac-b530-c0a90c0c771b%22:%91%22input_focus_bg_color%22%93}&#8221; submit_bg_color__hover_enabled=&#8221;on|hover&#8221; submit_bg_color__hover=&#8221;#122f60&#8243; submit_bg_enable_color__hover=&#8221;on&#8221;][\/dipl_form_styler][\/et_pb_column][\/et_pb_row][\/et_pb_section]<\/p>\n","protected":false},"excerpt":{"rendered":"<p>SERDECZNIE ZAPRASZAMY DO WSP\u00d3\u0141PRACY\u0141\u0105czno\u015b\u0107Dobrovsk\u00e9ho 874\/29702 00 OstravaJoPa s.r.o.I\u010c: 17694973DI\u010c: CZ17694973Codziennie od 7:00 do 18:00NAPISZ DO NASKontakt i \u017c\u0105danie formularzNapisz do nas wiadomo\u015b\u0107 lub specyfikacj\u0119 swojego \u017c\u0105dania, a my skontaktujemy si\u0119 z Tob\u0105 tak szybko, jak to mo\u017cliwe. Dzi\u0119kuj\u0119<div class=\"et_pb_module dipl_form_styler dipl_form_styler_0\">\n\t\t\t\t\n\t\t\t\t\n\t\t\t\t\n\t\t\t\t\n\t\t\t\t\n\t\t\t\t\n\t\t\t\t<div class=\"et_pb_module_inner\">\n\t\t\t\t\t\n\t\t\t\t<\/div>\n\t\t\t<\/div><\/p>\n","protected":false},"author":1,"featured_media":0,"parent":0,"menu_order":0,"comment_status":"closed","ping_status":"closed","template":"","meta":{"_et_pb_use_builder":"on","_et_pb_old_content":"","_et_gb_content_width":"","inline_featured_image":false,"footnotes":""},"yoast_head":"<!-- This site is optimized with the Yoast SEO plugin v22.8 - https:\/\/yoast.com\/wordpress\/plugins\/seo\/ -->\n<title>Kontakt - JOPA DESIGN<\/title>\n<meta name=\"robots\" content=\"index, follow, max-snippet:-1, max-image-preview:large, max-video-preview:-1\" \/>\n<link rel=\"canonical\" href=\"https:\/\/jopa.design\/pl\/kontakt\/\" \/>\n<meta property=\"og:locale\" content=\"pl_PL\" \/>\n<meta property=\"og:type\" content=\"article\" \/>\n<meta property=\"og:title\" content=\"Kontakt - JOPA DESIGN\" \/>\n<meta property=\"og:description\" content=\"SERDECZNIE ZAPRASZAMY DO WSP\u00d3\u0141PRACY\u0141\u0105czno\u015b\u0107Dobrovsk\u00e9ho 874\/29702 00 OstravaJoPa s.r.o.I\u010c: 17694973DI\u010c: CZ17694973Codziennie od 7:00 do 18:00NAPISZ DO NASKontakt i \u017c\u0105danie formularzNapisz do nas wiadomo\u015b\u0107 lub specyfikacj\u0119 swojego \u017c\u0105dania, a my skontaktujemy si\u0119 z Tob\u0105 tak szybko, jak to mo\u017cliwe. Dzi\u0119kuj\u0119\" \/>\n<meta property=\"og:url\" content=\"https:\/\/jopa.design\/pl\/kontakt\/\" \/>\n<meta property=\"og:site_name\" content=\"JOPA DESIGN\" \/>\n<meta property=\"article:publisher\" content=\"https:\/\/www.facebook.com\/profile.php?id=100088602164812\" \/>\n<meta property=\"article:modified_time\" content=\"2024-06-25T08:48:27+00:00\" \/>\n<meta property=\"og:image\" content=\"https:\/\/jopa.design\/wp-content\/uploads\/jopa-design-banner-v3-min.jpg\" \/>\n\t<meta property=\"og:image:width\" content=\"1919\" \/>\n\t<meta property=\"og:image:height\" content=\"710\" \/>\n\t<meta property=\"og:image:type\" content=\"image\/jpeg\" \/>\n<meta name=\"twitter:card\" content=\"summary_large_image\" \/>\n<meta name=\"twitter:label1\" content=\"Szacowany czas czytania\" \/>\n\t<meta name=\"twitter:data1\" content=\"7 minut\" \/>\n<script type=\"application\/ld+json\" class=\"yoast-schema-graph\">{\"@context\":\"https:\/\/schema.org\",\"@graph\":[{\"@type\":\"WebPage\",\"@id\":\"https:\/\/jopa.design\/pl\/kontakt\/\",\"url\":\"https:\/\/jopa.design\/pl\/kontakt\/\",\"name\":\"Kontakt - JOPA DESIGN\",\"isPartOf\":{\"@id\":\"https:\/\/jopa.design\/pl\/#website\"},\"datePublished\":\"2023-03-21T07:35:30+00:00\",\"dateModified\":\"2024-06-25T08:48:27+00:00\",\"breadcrumb\":{\"@id\":\"https:\/\/jopa.design\/pl\/kontakt\/#breadcrumb\"},\"inLanguage\":\"pl-PL\",\"potentialAction\":[{\"@type\":\"ReadAction\",\"target\":[\"https:\/\/jopa.design\/pl\/kontakt\/\"]}]},{\"@type\":\"BreadcrumbList\",\"@id\":\"https:\/\/jopa.design\/pl\/kontakt\/#breadcrumb\",\"itemListElement\":[{\"@type\":\"ListItem\",\"position\":1,\"name\":\"Dom\u016f\",\"item\":\"https:\/\/jopa.design\/pl\/\"},{\"@type\":\"ListItem\",\"position\":2,\"name\":\"Kontakt\"}]},{\"@type\":\"WebSite\",\"@id\":\"https:\/\/jopa.design\/pl\/#website\",\"url\":\"https:\/\/jopa.design\/pl\/\",\"name\":\"JOPA DESIGN\",\"description\":\"\u010cesk\u00fd v\u00fdrobce a dodavatel nerezov\u00fdch lankov\u00fdch syst\u00e9m\u016f pro architekturu\",\"publisher\":{\"@id\":\"https:\/\/jopa.design\/pl\/#organization\"},\"potentialAction\":[{\"@type\":\"SearchAction\",\"target\":{\"@type\":\"EntryPoint\",\"urlTemplate\":\"https:\/\/jopa.design\/pl\/?s={search_term_string}\"},\"query-input\":\"required name=search_term_string\"}],\"inLanguage\":\"pl-PL\"},{\"@type\":\"Organization\",\"@id\":\"https:\/\/jopa.design\/pl\/#organization\",\"name\":\"JOPA DESIGN\",\"alternateName\":\"JoPa s.r.o.\",\"url\":\"https:\/\/jopa.design\/pl\/\",\"logo\":{\"@type\":\"ImageObject\",\"inLanguage\":\"pl-PL\",\"@id\":\"https:\/\/jopa.design\/pl\/#\/schema\/logo\/image\/\",\"url\":\"https:\/\/jopa.design\/wp-content\/uploads\/jopa-design-logo-min.png\",\"contentUrl\":\"https:\/\/jopa.design\/wp-content\/uploads\/jopa-design-logo-min.png\",\"width\":1245,\"height\":591,\"caption\":\"JOPA DESIGN\"},\"image\":{\"@id\":\"https:\/\/jopa.design\/pl\/#\/schema\/logo\/image\/\"},\"sameAs\":[\"https:\/\/www.facebook.com\/profile.php?id=100088602164812\"]}]}<\/script>\n<!-- \/ Yoast SEO plugin. -->","yoast_head_json":{"title":"Kontakt - JOPA DESIGN","robots":{"index":"index","follow":"follow","max-snippet":"max-snippet:-1","max-image-preview":"max-image-preview:large","max-video-preview":"max-video-preview:-1"},"canonical":"https:\/\/jopa.design\/pl\/kontakt\/","og_locale":"pl_PL","og_type":"article","og_title":"Kontakt - JOPA DESIGN","og_description":"SERDECZNIE ZAPRASZAMY DO WSP\u00d3\u0141PRACY\u0141\u0105czno\u015b\u0107Dobrovsk\u00e9ho 874\/29702 00 OstravaJoPa s.r.o.I\u010c: 17694973DI\u010c: CZ17694973Codziennie od 7:00 do 18:00NAPISZ DO NASKontakt i \u017c\u0105danie formularzNapisz do nas wiadomo\u015b\u0107 lub specyfikacj\u0119 swojego \u017c\u0105dania, a my skontaktujemy si\u0119 z Tob\u0105 tak szybko, jak to mo\u017cliwe. Dzi\u0119kuj\u0119","og_url":"https:\/\/jopa.design\/pl\/kontakt\/","og_site_name":"JOPA DESIGN","article_publisher":"https:\/\/www.facebook.com\/profile.php?id=100088602164812","article_modified_time":"2024-06-25T08:48:27+00:00","og_image":[{"width":1919,"height":710,"url":"https:\/\/jopa.design\/wp-content\/uploads\/jopa-design-banner-v3-min.jpg","type":"image\/jpeg"}],"twitter_card":"summary_large_image","twitter_misc":{"Szacowany czas czytania":"7 minut"},"schema":{"@context":"https:\/\/schema.org","@graph":[{"@type":"WebPage","@id":"https:\/\/jopa.design\/pl\/kontakt\/","url":"https:\/\/jopa.design\/pl\/kontakt\/","name":"Kontakt - JOPA DESIGN","isPartOf":{"@id":"https:\/\/jopa.design\/pl\/#website"},"datePublished":"2023-03-21T07:35:30+00:00","dateModified":"2024-06-25T08:48:27+00:00","breadcrumb":{"@id":"https:\/\/jopa.design\/pl\/kontakt\/#breadcrumb"},"inLanguage":"pl-PL","potentialAction":[{"@type":"ReadAction","target":["https:\/\/jopa.design\/pl\/kontakt\/"]}]},{"@type":"BreadcrumbList","@id":"https:\/\/jopa.design\/pl\/kontakt\/#breadcrumb","itemListElement":[{"@type":"ListItem","position":1,"name":"Dom\u016f","item":"https:\/\/jopa.design\/pl\/"},{"@type":"ListItem","position":2,"name":"Kontakt"}]},{"@type":"WebSite","@id":"https:\/\/jopa.design\/pl\/#website","url":"https:\/\/jopa.design\/pl\/","name":"JOPA DESIGN","description":"\u010cesk\u00fd v\u00fdrobce a dodavatel nerezov\u00fdch lankov\u00fdch syst\u00e9m\u016f pro architekturu","publisher":{"@id":"https:\/\/jopa.design\/pl\/#organization"},"potentialAction":[{"@type":"SearchAction","target":{"@type":"EntryPoint","urlTemplate":"https:\/\/jopa.design\/pl\/?s={search_term_string}"},"query-input":"required name=search_term_string"}],"inLanguage":"pl-PL"},{"@type":"Organization","@id":"https:\/\/jopa.design\/pl\/#organization","name":"JOPA DESIGN","alternateName":"JoPa s.r.o.","url":"https:\/\/jopa.design\/pl\/","logo":{"@type":"ImageObject","inLanguage":"pl-PL","@id":"https:\/\/jopa.design\/pl\/#\/schema\/logo\/image\/","url":"https:\/\/jopa.design\/wp-content\/uploads\/jopa-design-logo-min.png","contentUrl":"https:\/\/jopa.design\/wp-content\/uploads\/jopa-design-logo-min.png","width":1245,"height":591,"caption":"JOPA DESIGN"},"image":{"@id":"https:\/\/jopa.design\/pl\/#\/schema\/logo\/image\/"},"sameAs":["https:\/\/www.facebook.com\/profile.php?id=100088602164812"]}]}},"_links":{"self":[{"href":"https:\/\/jopa.design\/pl\/wp-json\/wp\/v2\/pages\/473"}],"collection":[{"href":"https:\/\/jopa.design\/pl\/wp-json\/wp\/v2\/pages"}],"about":[{"href":"https:\/\/jopa.design\/pl\/wp-json\/wp\/v2\/types\/page"}],"author":[{"embeddable":true,"href":"https:\/\/jopa.design\/pl\/wp-json\/wp\/v2\/users\/1"}],"replies":[{"embeddable":true,"href":"https:\/\/jopa.design\/pl\/wp-json\/wp\/v2\/comments?post=473"}],"version-history":[{"count":2,"href":"https:\/\/jopa.design\/pl\/wp-json\/wp\/v2\/pages\/473\/revisions"}],"predecessor-version":[{"id":475,"href":"https:\/\/jopa.design\/pl\/wp-json\/wp\/v2\/pages\/473\/revisions\/475"}],"wp:attachment":[{"href":"https:\/\/jopa.design\/pl\/wp-json\/wp\/v2\/media?parent=473"}],"curies":[{"name":"wp","href":"https:\/\/api.w.org\/{rel}","templated":true}]}}