{"id":429,"date":"2023-03-21T08:35:30","date_gmt":"2023-03-21T07:35:30","guid":{"rendered":"https:\/\/jopa.design\/kontakt\/"},"modified":"2024-06-04T15:11:41","modified_gmt":"2024-06-04T13:11:41","slug":"kontakt","status":"publish","type":"page","link":"https:\/\/jopa.design\/sk\/kontakt\/","title":{"rendered":"Kontakt"},"content":{"rendered":"<p>[et_pb_section fb_built=&#8220;1&#8243; _builder_version=&#8220;4.20.2&#8243; _module_preset=&#8220;default&#8220; background_color=&#8220;#082d53&#8243; background_image=&#8220;https:\/\/jopa.design\/wp-content\/uploads\/jopa-design-banner-v2.webp&#8220; custom_margin=&#8220;0px||0px||false|false&#8220; custom_padding=&#8220;0px||0px||false|false&#8220; global_colors_info=&#8220;{}&#8220;][et_pb_row column_structure=&#8220;1_2,1_2&#8243; use_custom_gutter=&#8220;on&#8220; gutter_width=&#8220;2&#8243; make_equal=&#8220;on&#8220; _builder_version=&#8220;4.20.2&#8243; _module_preset=&#8220;default&#8220; custom_margin=&#8220;0px||0px||false|false&#8220; custom_padding=&#8220;0px||0px||false|false&#8220; global_colors_info=&#8220;{}&#8220;][et_pb_column type=&#8220;1_2&#8243; _builder_version=&#8220;4.18.0&#8243; _module_preset=&#8220;default&#8220; global_colors_info=&#8220;{}&#8220;][\/et_pb_column][et_pb_column type=&#8220;1_2&#8243; _builder_version=&#8220;4.20.2&#8243; _module_preset=&#8220;default&#8220; background_color=&#8220;rgba(1,7,29,0.76)&#8220; custom_padding=&#8220;|30px|70px|50px|false|false&#8220; custom_padding_tablet=&#8220;|||100px|false|false&#8220; custom_padding_phone=&#8220;|||30px|false|false&#8220; custom_padding_last_edited=&#8220;on|phone&#8220; global_colors_info=&#8220;{}&#8220;][et_pb_text _builder_version=&#8220;4.20.2&#8243; _module_preset=&#8220;default&#8220; header_4_font=&#8220;Krub|700|||||||&#8220; header_4_text_align=&#8220;left&#8220; header_4_text_color=&#8220;#FFFFFF&#8220; header_4_font_size=&#8220;14px&#8220; custom_margin=&#8220;70px||3px|32px|false|false&#8220; custom_margin_tablet=&#8220;140px||3px|32px|false|false&#8220; custom_margin_phone=&#8220;120px||3px|32px|false|false&#8220; custom_margin_last_edited=&#8220;on|phone&#8220; custom_padding=&#8220;0px||0px||false|false&#8220; custom_css_before=&#8220;content:%22%22;||position:absolute;||height:2px;||width:20px;||background:#fff;||top:6px;||left:-32px;&#8220; global_colors_info=&#8220;{}&#8220;]<\/p>\n<h4>TE\u0160\u00cdME SA NA SPOLUPR\u00c1CU<\/h4>\n<p>[\/et_pb_text][et_pb_text _builder_version=&#8220;4.20.2&#8243; _module_preset=&#8220;default&#8220; header_font=&#8220;|700|||||||&#8220; header_text_align=&#8220;left&#8220; header_text_color=&#8220;#FFFFFF&#8220; header_font_size=&#8220;69px&#8220; custom_margin=&#8220;0px|-30px|20px||false|false&#8220; custom_margin_tablet=&#8220;0px|0px|20px||false|false&#8220; custom_margin_phone=&#8220;0px|0px|20px||false|false&#8220; custom_margin_last_edited=&#8220;on|tablet&#8220; custom_padding=&#8220;0px||0px||false|false&#8220; header_font_size_tablet=&#8220;65px&#8220; header_font_size_phone=&#8220;40px&#8220; header_font_size_last_edited=&#8220;on|tablet&#8220; global_colors_info=&#8220;{}&#8220;]<\/p>\n<h1>Kontakty<\/h1>\n<p>[\/et_pb_text][et_pb_blurb title=&#8220;JOPA DESIGN \/ Realiz\u00e1cia&#8220; use_icon=&#8220;on&#8220; font_icon=&#8220;&#xe01d;||divi||400&#8243; icon_color=&#8220;#FFFFFF&#8220; icon_placement=&#8220;left&#8220; image_icon_width=&#8220;30px&#8220; _builder_version=&#8220;4.20.2&#8243; _module_preset=&#8220;default&#8220; header_font=&#8220;|700|||||||&#8220; image_icon_custom_margin=&#8220;-4px||||false|false&#8220; background_layout=&#8220;dark&#8220; custom_margin=&#8220;||30px||false|false&#8220; hover_enabled=&#8220;0&#8243; global_colors_info=&#8220;{}&#8220; sticky_enabled=&#8220;0&#8243;]<\/p>\n<p>Dobrovsk\u00e9ho 874\/29<br \/>702 00 Ostrava<\/p>\n<p>[\/et_pb_blurb][et_pb_blurb title=&#8220;\u010eal\u0161ie inform\u00e1cie&#8220; use_icon=&#8220;on&#8220; font_icon=&#8220;&#xe108;||divi||400&#8243; icon_color=&#8220;#FFFFFF&#8220; icon_placement=&#8220;left&#8220; image_icon_width=&#8220;30px&#8220; _builder_version=&#8220;4.20.2&#8243; _module_preset=&#8220;default&#8220; header_font=&#8220;|700|||||||&#8220; image_icon_custom_margin=&#8220;-5px||||false|false&#8220; background_layout=&#8220;dark&#8220; custom_margin=&#8220;||30px||false|false&#8220; global_colors_info=&#8220;{}&#8220;]<\/p>\n<p>JoPa s.r.o.<br \/>I\u010c: 17694973<br \/>DI\u010c: CZ17694973<\/p>\n<p>[\/et_pb_blurb][et_pb_blurb title=&#8220;+420 724 444 222&#8243; url=&#8220;tel:+420724444222&#8243; use_icon=&#8220;on&#8220; font_icon=&#8220;&#xe00b;||divi||400&#8243; icon_color=&#8220;#FFFFFF&#8220; icon_placement=&#8220;left&#8220; image_icon_width=&#8220;30px&#8220; _builder_version=&#8220;4.20.2&#8243; _module_preset=&#8220;default&#8220; header_font=&#8220;|700|||||||&#8220; image_icon_custom_margin=&#8220;-5px||||false|false&#8220; background_layout=&#8220;dark&#8220; custom_margin=&#8220;||30px||false|false&#8220; link_option_url=&#8220;tel:+420724444222&#8243; global_colors_info=&#8220;{}&#8220;][\/et_pb_blurb][et_pb_blurb title=&#8220;info@jopa.design&#8220; url=&#8220;mailto:info@jopa.design&#8220; use_icon=&#8220;on&#8220; font_icon=&#8220;&#xe010;||divi||400&#8243; icon_color=&#8220;#FFFFFF&#8220; icon_placement=&#8220;left&#8220; image_icon_width=&#8220;30px&#8220; _builder_version=&#8220;4.20.2&#8243; _module_preset=&#8220;default&#8220; header_font=&#8220;|700|||||||&#8220; image_icon_custom_margin=&#8220;-5px||||false|false&#8220; background_layout=&#8220;dark&#8220; custom_margin=&#8220;||30px||false|false&#8220; link_option_url=&#8220;mailto:info@jopa.design&#8220; global_colors_info=&#8220;{}&#8220;][\/et_pb_blurb][et_pb_blurb title=&#8220;Otvoren\u00e9&#8220; use_icon=&#8220;on&#8220; font_icon=&#8220;&#x70;||divi||400&#8243; icon_color=&#8220;#FFFFFF&#8220; icon_placement=&#8220;left&#8220; image_icon_width=&#8220;30px&#8220; _builder_version=&#8220;4.20.2&#8243; _module_preset=&#8220;default&#8220; header_font=&#8220;|700|||||||&#8220; image_icon_custom_margin=&#8220;-4px||||false|false&#8220; background_layout=&#8220;dark&#8220; custom_margin=&#8220;||30px||false|false&#8220; global_colors_info=&#8220;{}&#8220;]<\/p>\n<p>Denne od 7:00 do 18:00<\/p>\n<p>[\/et_pb_blurb][et_pb_button button_url=&#8220;https:\/\/jopa.design\/kontakt\/#poptavka&#8220; button_text=&#8220;NEZ\u00c1V\u00c4ZN\u00dd DOPYT&#8220; _builder_version=&#8220;4.20.2&#8243; _module_preset=&#8220;default&#8220; custom_margin=&#8220;||30px||false|false&#8220; global_colors_info=&#8220;{}&#8220;][\/et_pb_button][et_pb_social_media_follow _builder_version=&#8220;4.20.2&#8243; _module_preset=&#8220;default&#8220; global_colors_info=&#8220;{}&#8220;][et_pb_social_media_follow_network social_network=&#8220;facebook&#8220; url=&#8220;https:\/\/www.facebook.com\/profile.php?id=100088602164812&#8243; _builder_version=&#8220;4.20.2&#8243; _module_preset=&#8220;default&#8220; background_color=&#8220;#3b5998&#8243; global_colors_info=&#8220;{}&#8220; follow_button=&#8220;off&#8220; url_new_window=&#8220;on&#8220;]facebook[\/et_pb_social_media_follow_network][\/et_pb_social_media_follow][\/et_pb_column][\/et_pb_row][\/et_pb_section][et_pb_section fb_built=&#8220;1&#8243; custom_padding_last_edited=&#8220;on|phone&#8220; module_id=&#8220;reference&#8220; _builder_version=&#8220;4.20.2&#8243; _module_preset=&#8220;default&#8220; background_color=&#8220;#f8f8f8&#8243; custom_margin=&#8220;0px||0px||false|false&#8220; custom_padding=&#8220;120px||100px||false|false&#8220; custom_padding_tablet=&#8220;120px||120px||false|false&#8220; custom_padding_phone=&#8220;90px||90px||false|false&#8220; global_colors_info=&#8220;{}&#8220;][et_pb_row column_structure=&#8220;1_2,1_2&#8243; use_custom_gutter=&#8220;on&#8220; gutter_width=&#8220;2&#8243; module_id=&#8220;poptavka&#8220; _builder_version=&#8220;4.20.2&#8243; _module_preset=&#8220;default&#8220; custom_margin=&#8220;0px||0px||false|false&#8220; custom_padding=&#8220;0px||0px||false|false&#8220; global_colors_info=&#8220;{}&#8220;][et_pb_column type=&#8220;1_2&#8243; _builder_version=&#8220;4.18.0&#8243; _module_preset=&#8220;default&#8220; global_colors_info=&#8220;{}&#8220;][et_pb_text _builder_version=&#8220;4.20.2&#8243; _module_preset=&#8220;default&#8220; header_4_font=&#8220;Krub|700|||||||&#8220; header_4_text_align=&#8220;left&#8220; header_4_text_color=&#8220;#082d53&#8243; header_4_font_size=&#8220;14px&#8220; custom_margin=&#8220;24px||3px|32px|false|false&#8220; custom_margin_tablet=&#8220;80px||||false|false&#8220; custom_margin_phone=&#8220;60px||3px|32px|false|false&#8220; custom_margin_last_edited=&#8220;on|desktop&#8220; custom_padding=&#8220;0px||0px||false|false&#8220; custom_css_before=&#8220;content:%22%22;||position:absolute;||height:2px;||width:20px;||background:#091841;||top:6px;||left:-32px;&#8220; global_colors_info=&#8220;{}&#8220;]<\/p>\n<h4>NAP\u00cd\u0160TE N\u00c1M<\/h4>\n<p>[\/et_pb_text][et_pb_text _builder_version=&#8220;4.20.2&#8243; _module_preset=&#8220;default&#8220; header_2_font=&#8220;Blinker|700|||||||&#8220; header_2_text_align=&#8220;left&#8220; header_2_text_color=&#8220;gcid-671924b0-6133-4435-ae05-4c88eef54763&#8243; header_2_font_size=&#8220;45px&#8220; header_2_line_height=&#8220;1.1em&#8220; custom_margin=&#8220;0px||8px||false|false&#8220; custom_margin_tablet=&#8220;0px||0px||false|false&#8220; custom_margin_phone=&#8220;||10px||false|false&#8220; custom_margin_last_edited=&#8220;on|tablet&#8220; custom_padding=&#8220;0px||0px||false|false&#8220; header_2_font_size_tablet=&#8220;45px&#8220; header_2_font_size_phone=&#8220;30px&#8220; header_2_font_size_last_edited=&#8220;on|phone&#8220; global_colors_info=&#8220;{%22gcid-671924b0-6133-4435-ae05-4c88eef54763%22:%91%22header_2_text_color%22%93}&#8220;]<\/p>\n<h2>Kontaktn\u00fd a dopytov\u00fd <spam style=\"color:#9AB6CB\">formul\u00e1r<\/spam><\/h2>\n<p>[\/et_pb_text][et_pb_text _builder_version=&#8220;4.20.2&#8243; _module_preset=&#8220;default&#8220; text_font=&#8220;Krub||||||||&#8220; text_text_color=&#8220;#414141&#8243; text_font_size=&#8220;15px&#8220; text_line_height=&#8220;1.6em&#8220; custom_margin=&#8220;0px||28px||false|false&#8220; custom_margin_tablet=&#8220;0px||28px||false|false&#8220; custom_margin_phone=&#8220;0px||28px||false|false&#8220; custom_margin_last_edited=&#8220;on|tablet&#8220; custom_padding=&#8220;0px||0px||false|false&#8220; global_colors_info=&#8220;{}&#8220;]<\/p>\n<p>Nap\u00ed\u0161te n\u00e1m spr\u00e1vu alebo \u0161pecifik\u00e1ciu V\u00e1\u0161ho dopytu a my sa V\u00e1m ozveme, akon\u00e1hle to bude mo\u017en\u00e9. \u010eakujeme<\/p>\n<p>[\/et_pb_text][\/et_pb_column][et_pb_column type=&#8220;1_2&#8243; _builder_version=&#8220;4.20.2&#8243; _module_preset=&#8220;default&#8220; background_color=&#8220;#FFFFFF&#8220; custom_padding=&#8220;30px|50px|30px|50px|false|false&#8220; custom_padding_tablet=&#8220;|70px||70px|false|false&#8220; custom_padding_phone=&#8220;|30px||30px|false|false&#8220; custom_padding_last_edited=&#8220;on|phone&#8220; global_colors_info=&#8220;{}&#8220;][dipl_form_styler form_type=&#8220;contact_form_7&#8243; cf7_form_id=&#8220;258&#8243; input_text_color=&#8220;gcid-671924b0-6133-4435-ae05-4c88eef54763&#8243; focus_input_text_color=&#8220;gcid-57143b50-204c-4296-b0c1-a150ef4eb8b5&#8243; placeholder_text_color=&#8220;gcid-3c324210-ce40-44a2-af31-31c9dab6c453&#8243; focus_placeholder_text_color=&#8220;gcid-3c324210-ce40-44a2-af31-31c9dab6c453&#8243; input_bg_color=&#8220;#FFFFFF&#8220; input_focus_bg_color=&#8220;gcid-cc5e06d0-411b-49ac-b530-c0a90c0c771b&#8220; input_custom_padding=&#8220;15px|20px|15px|20px|false|false&#8220; submit_custom_padding=&#8220;10px|20px|10px|20px|false|false&#8220; submit_bg_color=&#8220;gcid-3c324210-ce40-44a2-af31-31c9dab6c453&#8243; _builder_version=&#8220;4.20.2&#8243; _module_preset=&#8220;default&#8220; label_font=&#8220;|300|||||||&#8220; label_text_color=&#8220;gcid-57143b50-204c-4296-b0c1-a150ef4eb8b5&#8243; submit_button_text_font=&#8220;|700||on|||||&#8220; submit_button_text_text_color=&#8220;#FFFFFF&#8220; text_orientation=&#8220;left&#8220; input_width=&#8220;100%&#8220; border_color_all_input=&#8220;rgba(0,0,0,0.16)&#8220; border_width_all_submit_button=&#8220;0px&#8220; box_shadow_style_submit_button=&#8220;preset2&#8243; global_colors_info=&#8220;{%22gcid-57143b50-204c-4296-b0c1-a150ef4eb8b5%22:%91%22label_text_color%22,%22focus_input_text_color%22,%22submit_bg_color__hover%22%93,%22gcid-671924b0-6133-4435-ae05-4c88eef54763%22:%91%22input_text_color%22%93,%22gcid-3c324210-ce40-44a2-af31-31c9dab6c453%22:%91%22placeholder_text_color%22,%22focus_placeholder_text_color%22,%22submit_bg_color%22%93,%22gcid-cc5e06d0-411b-49ac-b530-c0a90c0c771b%22:%91%22input_focus_bg_color%22%93}&#8220; submit_bg_color__hover_enabled=&#8220;on|hover&#8220; submit_bg_color__hover=&#8220;#122f60&#8243; submit_bg_enable_color__hover=&#8220;on&#8220;][\/dipl_form_styler][\/et_pb_column][\/et_pb_row][\/et_pb_section]<\/p>\n","protected":false},"excerpt":{"rendered":"<p>TE\u0160\u00cdME SA NA SPOLUPR\u00c1CUKontaktyDobrovsk\u00e9ho 874\/29702 00 OstravaJoPa s.r.o.I\u010c: 17694973DI\u010c: CZ17694973Denne od 7:00 do 18:00NAP\u00cd\u0160TE N\u00c1MKontaktn\u00fd a dopytov\u00fd formul\u00e1rNap\u00ed\u0161te n\u00e1m spr\u00e1vu alebo \u0161pecifik\u00e1ciu V\u00e1\u0161ho dopytu a my sa V\u00e1m ozveme, akon\u00e1hle to bude mo\u017en\u00e9. \u010eakujeme<div class=\"et_pb_with_border et_pb_module dipl_form_styler dipl_form_styler_0\">\n\t\t\t\t\n\t\t\t\t\n\t\t\t\t\n\t\t\t\t\n\t\t\t\t\n\t\t\t\t\n\t\t\t\t<div class=\"et_pb_module_inner\">\n\t\t\t\t\t\n\t\t\t\t<\/div>\n\t\t\t<\/div><\/p>\n","protected":false},"author":1,"featured_media":0,"parent":0,"menu_order":0,"comment_status":"closed","ping_status":"closed","template":"","meta":{"_et_pb_use_builder":"on","_et_pb_old_content":"","_et_gb_content_width":"","inline_featured_image":false,"footnotes":""},"yoast_head":"<!-- This site is optimized with the Yoast SEO plugin v22.8 - https:\/\/yoast.com\/wordpress\/plugins\/seo\/ -->\n<title>Kontakt - JOPA DESIGN<\/title>\n<meta name=\"robots\" content=\"index, follow, max-snippet:-1, max-image-preview:large, max-video-preview:-1\" \/>\n<link rel=\"canonical\" href=\"https:\/\/jopa.design\/sk\/kontakt\/\" \/>\n<meta property=\"og:locale\" content=\"sk_SK\" \/>\n<meta property=\"og:type\" content=\"article\" \/>\n<meta property=\"og:title\" content=\"Kontakt - JOPA DESIGN\" \/>\n<meta property=\"og:description\" content=\"TE\u0160\u00cdME SA NA SPOLUPR\u00c1CUKontaktyDobrovsk\u00e9ho 874\/29702 00 OstravaJoPa s.r.o.I\u010c: 17694973DI\u010c: CZ17694973Denne od 7:00 do 18:00NAP\u00cd\u0160TE N\u00c1MKontaktn\u00fd a dopytov\u00fd formul\u00e1rNap\u00ed\u0161te n\u00e1m spr\u00e1vu alebo \u0161pecifik\u00e1ciu V\u00e1\u0161ho dopytu a my sa V\u00e1m ozveme, akon\u00e1hle to bude mo\u017en\u00e9. \u010eakujeme\" \/>\n<meta property=\"og:url\" content=\"https:\/\/jopa.design\/sk\/kontakt\/\" \/>\n<meta property=\"og:site_name\" content=\"JOPA DESIGN\" \/>\n<meta property=\"article:publisher\" content=\"https:\/\/www.facebook.com\/profile.php?id=100088602164812\" \/>\n<meta property=\"article:modified_time\" content=\"2024-06-04T13:11:41+00:00\" \/>\n<meta property=\"og:image\" content=\"https:\/\/jopa.design\/wp-content\/uploads\/jopa-design-banner-v3-min.jpg\" \/>\n\t<meta property=\"og:image:width\" content=\"1919\" \/>\n\t<meta property=\"og:image:height\" content=\"710\" \/>\n\t<meta property=\"og:image:type\" content=\"image\/jpeg\" \/>\n<meta name=\"twitter:card\" content=\"summary_large_image\" \/>\n<meta name=\"twitter:label1\" content=\"Predpokladan\u00fd \u010das \u010d\u00edtania\" \/>\n\t<meta name=\"twitter:data1\" content=\"7 min\u00fat\" \/>\n<script type=\"application\/ld+json\" class=\"yoast-schema-graph\">{\"@context\":\"https:\/\/schema.org\",\"@graph\":[{\"@type\":\"WebPage\",\"@id\":\"https:\/\/jopa.design\/sk\/kontakt\/\",\"url\":\"https:\/\/jopa.design\/sk\/kontakt\/\",\"name\":\"Kontakt - JOPA DESIGN\",\"isPartOf\":{\"@id\":\"https:\/\/jopa.design\/sk\/#website\"},\"datePublished\":\"2023-03-21T07:35:30+00:00\",\"dateModified\":\"2024-06-04T13:11:41+00:00\",\"breadcrumb\":{\"@id\":\"https:\/\/jopa.design\/sk\/kontakt\/#breadcrumb\"},\"inLanguage\":\"sk-SK\",\"potentialAction\":[{\"@type\":\"ReadAction\",\"target\":[\"https:\/\/jopa.design\/sk\/kontakt\/\"]}]},{\"@type\":\"BreadcrumbList\",\"@id\":\"https:\/\/jopa.design\/sk\/kontakt\/#breadcrumb\",\"itemListElement\":[{\"@type\":\"ListItem\",\"position\":1,\"name\":\"Dom\u016f\",\"item\":\"https:\/\/jopa.design\/sk\/\"},{\"@type\":\"ListItem\",\"position\":2,\"name\":\"Kontakt\"}]},{\"@type\":\"WebSite\",\"@id\":\"https:\/\/jopa.design\/sk\/#website\",\"url\":\"https:\/\/jopa.design\/sk\/\",\"name\":\"JOPA DESIGN\",\"description\":\"\u010cesk\u00fd v\u00fdrobce a dodavatel nerezov\u00fdch lankov\u00fdch syst\u00e9m\u016f pro architekturu\",\"publisher\":{\"@id\":\"https:\/\/jopa.design\/sk\/#organization\"},\"potentialAction\":[{\"@type\":\"SearchAction\",\"target\":{\"@type\":\"EntryPoint\",\"urlTemplate\":\"https:\/\/jopa.design\/sk\/?s={search_term_string}\"},\"query-input\":\"required name=search_term_string\"}],\"inLanguage\":\"sk-SK\"},{\"@type\":\"Organization\",\"@id\":\"https:\/\/jopa.design\/sk\/#organization\",\"name\":\"JOPA DESIGN\",\"alternateName\":\"JoPa s.r.o.\",\"url\":\"https:\/\/jopa.design\/sk\/\",\"logo\":{\"@type\":\"ImageObject\",\"inLanguage\":\"sk-SK\",\"@id\":\"https:\/\/jopa.design\/sk\/#\/schema\/logo\/image\/\",\"url\":\"https:\/\/jopa.design\/wp-content\/uploads\/jopa-design-logo-min.png\",\"contentUrl\":\"https:\/\/jopa.design\/wp-content\/uploads\/jopa-design-logo-min.png\",\"width\":1245,\"height\":591,\"caption\":\"JOPA DESIGN\"},\"image\":{\"@id\":\"https:\/\/jopa.design\/sk\/#\/schema\/logo\/image\/\"},\"sameAs\":[\"https:\/\/www.facebook.com\/profile.php?id=100088602164812\"]}]}<\/script>\n<!-- \/ Yoast SEO plugin. -->","yoast_head_json":{"title":"Kontakt - JOPA DESIGN","robots":{"index":"index","follow":"follow","max-snippet":"max-snippet:-1","max-image-preview":"max-image-preview:large","max-video-preview":"max-video-preview:-1"},"canonical":"https:\/\/jopa.design\/sk\/kontakt\/","og_locale":"sk_SK","og_type":"article","og_title":"Kontakt - JOPA DESIGN","og_description":"TE\u0160\u00cdME SA NA SPOLUPR\u00c1CUKontaktyDobrovsk\u00e9ho 874\/29702 00 OstravaJoPa s.r.o.I\u010c: 17694973DI\u010c: CZ17694973Denne od 7:00 do 18:00NAP\u00cd\u0160TE N\u00c1MKontaktn\u00fd a dopytov\u00fd formul\u00e1rNap\u00ed\u0161te n\u00e1m spr\u00e1vu alebo \u0161pecifik\u00e1ciu V\u00e1\u0161ho dopytu a my sa V\u00e1m ozveme, akon\u00e1hle to bude mo\u017en\u00e9. \u010eakujeme","og_url":"https:\/\/jopa.design\/sk\/kontakt\/","og_site_name":"JOPA DESIGN","article_publisher":"https:\/\/www.facebook.com\/profile.php?id=100088602164812","article_modified_time":"2024-06-04T13:11:41+00:00","og_image":[{"width":1919,"height":710,"url":"https:\/\/jopa.design\/wp-content\/uploads\/jopa-design-banner-v3-min.jpg","type":"image\/jpeg"}],"twitter_card":"summary_large_image","twitter_misc":{"Predpokladan\u00fd \u010das \u010d\u00edtania":"7 min\u00fat"},"schema":{"@context":"https:\/\/schema.org","@graph":[{"@type":"WebPage","@id":"https:\/\/jopa.design\/sk\/kontakt\/","url":"https:\/\/jopa.design\/sk\/kontakt\/","name":"Kontakt - JOPA DESIGN","isPartOf":{"@id":"https:\/\/jopa.design\/sk\/#website"},"datePublished":"2023-03-21T07:35:30+00:00","dateModified":"2024-06-04T13:11:41+00:00","breadcrumb":{"@id":"https:\/\/jopa.design\/sk\/kontakt\/#breadcrumb"},"inLanguage":"sk-SK","potentialAction":[{"@type":"ReadAction","target":["https:\/\/jopa.design\/sk\/kontakt\/"]}]},{"@type":"BreadcrumbList","@id":"https:\/\/jopa.design\/sk\/kontakt\/#breadcrumb","itemListElement":[{"@type":"ListItem","position":1,"name":"Dom\u016f","item":"https:\/\/jopa.design\/sk\/"},{"@type":"ListItem","position":2,"name":"Kontakt"}]},{"@type":"WebSite","@id":"https:\/\/jopa.design\/sk\/#website","url":"https:\/\/jopa.design\/sk\/","name":"JOPA DESIGN","description":"\u010cesk\u00fd v\u00fdrobce a dodavatel nerezov\u00fdch lankov\u00fdch syst\u00e9m\u016f pro architekturu","publisher":{"@id":"https:\/\/jopa.design\/sk\/#organization"},"potentialAction":[{"@type":"SearchAction","target":{"@type":"EntryPoint","urlTemplate":"https:\/\/jopa.design\/sk\/?s={search_term_string}"},"query-input":"required name=search_term_string"}],"inLanguage":"sk-SK"},{"@type":"Organization","@id":"https:\/\/jopa.design\/sk\/#organization","name":"JOPA DESIGN","alternateName":"JoPa s.r.o.","url":"https:\/\/jopa.design\/sk\/","logo":{"@type":"ImageObject","inLanguage":"sk-SK","@id":"https:\/\/jopa.design\/sk\/#\/schema\/logo\/image\/","url":"https:\/\/jopa.design\/wp-content\/uploads\/jopa-design-logo-min.png","contentUrl":"https:\/\/jopa.design\/wp-content\/uploads\/jopa-design-logo-min.png","width":1245,"height":591,"caption":"JOPA DESIGN"},"image":{"@id":"https:\/\/jopa.design\/sk\/#\/schema\/logo\/image\/"},"sameAs":["https:\/\/www.facebook.com\/profile.php?id=100088602164812"]}]}},"_links":{"self":[{"href":"https:\/\/jopa.design\/sk\/wp-json\/wp\/v2\/pages\/429"}],"collection":[{"href":"https:\/\/jopa.design\/sk\/wp-json\/wp\/v2\/pages"}],"about":[{"href":"https:\/\/jopa.design\/sk\/wp-json\/wp\/v2\/types\/page"}],"author":[{"embeddable":true,"href":"https:\/\/jopa.design\/sk\/wp-json\/wp\/v2\/users\/1"}],"replies":[{"embeddable":true,"href":"https:\/\/jopa.design\/sk\/wp-json\/wp\/v2\/comments?post=429"}],"version-history":[{"count":2,"href":"https:\/\/jopa.design\/sk\/wp-json\/wp\/v2\/pages\/429\/revisions"}],"predecessor-version":[{"id":431,"href":"https:\/\/jopa.design\/sk\/wp-json\/wp\/v2\/pages\/429\/revisions\/431"}],"wp:attachment":[{"href":"https:\/\/jopa.design\/sk\/wp-json\/wp\/v2\/media?parent=429"}],"curies":[{"name":"wp","href":"https:\/\/api.w.org\/{rel}","templated":true}]}}